{"id":553,"date":"2024-05-02T17:56:03","date_gmt":"2024-05-02T17:56:03","guid":{"rendered":"https:\/\/mulheresagromundo.org\/?page_id=212"},"modified":"2024-10-14T21:15:13","modified_gmt":"2024-10-14T21:15:13","slug":"assembleia","status":"publish","type":"page","link":"https:\/\/mulheresagromundo.org\/2024\/assembleia\/","title":{"rendered":"Assembleia Atual"},"content":{"rendered":"\t\t<div data-elementor-type=\"wp-page\" data-elementor-id=\"553\" class=\"elementor elementor-553\" data-elementor-post-type=\"page\">\n\t\t\t\t\t\t<section class=\"elementor-section elementor-top-section elementor-element elementor-element-6fe10de elementor-section-boxed elementor-section-height-default elementor-section-height-default\" data-id=\"6fe10de\" data-element_type=\"section\" data-e-type=\"section\">\n\t\t\t\t\t\t<div class=\"elementor-container elementor-column-gap-default\">\n\t\t\t\t\t<div class=\"aux-parallax-section elementor-column elementor-col-100 elementor-top-column elementor-element elementor-element-1db808b\" data-id=\"1db808b\" data-element_type=\"column\" data-e-type=\"column\">\n\t\t\t<div class=\"elementor-widget-wrap elementor-element-populated\">\n\t\t\t\t\t\t<div class=\"elementor-element elementor-element-4e60d64 elementor-widget elementor-widget-heading\" data-id=\"4e60d64\" data-element_type=\"widget\" data-e-type=\"widget\" data-widget_type=\"heading.default\">\n\t\t\t\t<div class=\"elementor-widget-container\">\n\t\t\t\t\t<h2 class=\"elementor-heading-title elementor-size-default\">ASSEMBL\u00c9IA ATUAL<\/h2>\t\t\t\t<\/div>\n\t\t\t\t<\/div>\n\t\t\t\t\t<\/div>\n\t\t<\/div>\n\t\t\t\t\t<\/div>\n\t\t<\/section>\n\t\t\t\t<section class=\"elementor-section elementor-top-section elementor-element elementor-element-c9c079b elementor-section-boxed elementor-section-height-default elementor-section-height-default\" data-id=\"c9c079b\" data-element_type=\"section\" data-e-type=\"section\">\n\t\t\t\t\t\t<div class=\"elementor-container elementor-column-gap-default\">\n\t\t\t\t\t<div class=\"aux-parallax-section elementor-column elementor-col-50 elementor-top-column elementor-element elementor-element-7f99311\" data-id=\"7f99311\" data-element_type=\"column\" data-e-type=\"column\">\n\t\t\t<div class=\"elementor-widget-wrap elementor-element-populated\">\n\t\t\t\t\t\t<div class=\"elementor-element elementor-element-22beb94 elementor-widget elementor-widget-image\" data-id=\"22beb94\" data-element_type=\"widget\" data-e-type=\"widget\" data-widget_type=\"image.default\">\n\t\t\t\t<div class=\"elementor-widget-container\">\n\t\t\t\t\t\t\t\t\t\t\t\t\t\t\t<img fetchpriority=\"high\" decoding=\"async\" width=\"1024\" height=\"1024\" src=\"https:\/\/mulheresagromundo.org\/2024\/wp-content\/uploads\/2021\/02\/cropped-LOGOMAM.png-1024x1024.png\" class=\"attachment-large size-large wp-image-267\" alt=\"\" srcset=\"https:\/\/mulheresagromundo.org\/2024\/wp-content\/uploads\/2021\/02\/cropped-LOGOMAM.png-1024x1024.png 1024w, https:\/\/mulheresagromundo.org\/2024\/wp-content\/uploads\/2021\/02\/cropped-LOGOMAM.png-300x300.png 300w, https:\/\/mulheresagromundo.org\/2024\/wp-content\/uploads\/2021\/02\/cropped-LOGOMAM.png-150x150.png 150w, https:\/\/mulheresagromundo.org\/2024\/wp-content\/uploads\/2021\/02\/cropped-LOGOMAM.png-768x768.png 768w, https:\/\/mulheresagromundo.org\/2024\/wp-content\/uploads\/2021\/02\/cropped-LOGOMAM.png-200x200.png 200w, https:\/\/mulheresagromundo.org\/2024\/wp-content\/uploads\/2021\/02\/elementor\/thumbs\/cropped-LOGOMAM-qvk5ld67vjl2x288m0v05gspnxrsydqdox9brdmesw.png 600w, https:\/\/mulheresagromundo.org\/2024\/wp-content\/uploads\/2021\/02\/cropped-LOGOMAM.png.png 1459w\" sizes=\"(max-width: 1024px) 100vw, 1024px\" \/>\t\t\t\t\t\t\t\t\t\t\t\t\t\t\t<\/div>\n\t\t\t\t<\/div>\n\t\t\t\t\t<\/div>\n\t\t<\/div>\n\t\t\t\t<div class=\"aux-parallax-section elementor-column elementor-col-50 elementor-top-column elementor-element elementor-element-e4a43d5\" data-id=\"e4a43d5\" data-element_type=\"column\" data-e-type=\"column\">\n\t\t\t<div class=\"elementor-widget-wrap elementor-element-populated\">\n\t\t\t\t\t\t<div class=\"elementor-element elementor-element-1a17ce1 elementor-widget elementor-widget-heading\" data-id=\"1a17ce1\" data-element_type=\"widget\" data-e-type=\"widget\" data-widget_type=\"heading.default\">\n\t\t\t\t<div class=\"elementor-widget-container\">\n\t\t\t\t\t<h2 class=\"elementor-heading-title elementor-size-default\">EQUIPA DA CONSTITUI\u00c7\u00c3O<\/h2>\t\t\t\t<\/div>\n\t\t\t\t<\/div>\n\t\t\t\t<div class=\"elementor-element elementor-element-8ef4376 elementor-widget elementor-widget-text-editor\" data-id=\"8ef4376\" data-element_type=\"widget\" data-e-type=\"widget\" data-widget_type=\"text-editor.default\">\n\t\t\t\t<div class=\"elementor-widget-container\">\n\t\t\t\t\t\t\t\t\t<p><!-- \/wp:paragraph --><!-- wp:list --><\/p>\n<ul><!-- wp:list-item -->\n<li>Presidente &#8211; Engr. Lilia Cardoso<\/li>\n<!-- \/wp:list-item --><!-- wp:list-item -->\n<li>1\u00aa Secret\u00e1ria e vogal \u2013 Engr. Cl\u00e1udia Silveira<\/li>\n<!-- \/wp:list-item --><!-- wp:list-item -->\n<li>Direc\u00e7\u00e3o de projectos \u2013 Engr. Dra. Helena Diogenes e Engr. Tabata Stock e Simone Roncada.<\/li>\n<!-- \/wp:list-item --><!-- wp:list-item -->\n<li>Direc\u00e7\u00e3o Administrativa \u2013 Dra. Janice e Engr. Rita<\/li>\n<!-- \/wp:list-item --><!-- wp:list-item -->\n<li>Conselho fiscal \u2013 Engr. Antonica e Sra. D. Rossana<\/li>\n<!-- \/wp:list-item --><!-- wp:list-item -->\n<li>Tesouraria \u2013 Sr. Valter Pereira (provis\u00f3rio)<\/li>\n<!-- \/wp:list-item --><!-- wp:list-item -->\n<li>Conselho Consultivo \u2013 Dra. Mirian Gontijo<\/li>\n<!-- \/wp:list-item --><!-- wp:list-item -->\n<li>Comit\u00e9 cient\u00edfico \u2013 Prof. Dr. Tejon e Dra. Engr. Iolanda Miranda<\/li>\n<!-- \/wp:list-item --><!-- wp:list-item -->\n<li>Comit\u00e9 t\u00e9cnico &#8211; Mission\u00e1rios MAM + todos<\/li>\n<!-- \/wp:list-item --><!-- wp:list-item -->\n<li>Comit\u00e9 de projectos &#8211; Pecuarista D. Ida Beatriz de Arruda Machado<\/li>\n<!-- \/wp:list-item --><!-- wp:list-item -->\n<li>Comit\u00e9 de pesquisas &#8211; L\u00edlia Cardoso<\/li>\n<!-- \/wp:list-item --><\/ul>\n<p><!-- \/wp:list --><!-- wp:paragraph --><\/p>\n<p>Ler do c\u00f3digo civil (de Portugal)<\/p>\n<p><!-- \/wp:paragraph --><!-- wp:paragraph --><\/p>\n<p>Artigo 171; 170; 172; 179<\/p>\t\t\t\t\t\t\t\t<\/div>\n\t\t\t\t<\/div>\n\t\t\t\t\t<\/div>\n\t\t<\/div>\n\t\t\t\t\t<\/div>\n\t\t<\/section>\n\t\t\t\t<section class=\"elementor-section elementor-top-section elementor-element elementor-element-4157a65 elementor-section-content-middle elementor-section-boxed elementor-section-height-default elementor-section-height-default\" data-id=\"4157a65\" data-element_type=\"section\" data-e-type=\"section\">\n\t\t\t\t\t\t<div class=\"elementor-container elementor-column-gap-default\">\n\t\t\t\t\t<div class=\"aux-parallax-section elementor-column elementor-col-100 elementor-top-column elementor-element elementor-element-716336d4\" data-id=\"716336d4\" data-element_type=\"column\" data-e-type=\"column\">\n\t\t\t<div class=\"elementor-widget-wrap\">\n\t\t\t\t\t\t\t<\/div>\n\t\t<\/div>\n\t\t\t\t\t<\/div>\n\t\t<\/section>\n\t\t\t\t<\/div>\n\t\t","protected":false},"excerpt":{"rendered":"<p>ASSEMBL\u00c9IA ATUAL EQUIPA DA CONSTITUI\u00c7\u00c3O Presidente &#8211; Engr. Lilia Cardoso 1\u00aa Secret\u00e1ria e vogal \u2013 Engr. Cl\u00e1udia Silveira Direc\u00e7\u00e3o de projectos \u2013 Engr. Dra. Helena Diogenes e Engr. Tabata Stock e Simone Roncada. Direc\u00e7\u00e3o Administrativa \u2013 Dra. Janice e Engr. Rita Conselho fiscal \u2013 Engr. Antonica e Sra. D. Rossana Tesouraria \u2013 Sr. Valter Pereira [&hellip;]<\/p>\n","protected":false},"author":1,"featured_media":0,"parent":0,"menu_order":0,"comment_status":"closed","ping_status":"closed","template":"","meta":{"footnotes":""},"class_list":["post-553","page","type-page","status-publish","hentry"],"_links":{"self":[{"href":"https:\/\/mulheresagromundo.org\/2024\/wp-json\/wp\/v2\/pages\/553","targetHints":{"allow":["GET"]}}],"collection":[{"href":"https:\/\/mulheresagromundo.org\/2024\/wp-json\/wp\/v2\/pages"}],"about":[{"href":"https:\/\/mulheresagromundo.org\/2024\/wp-json\/wp\/v2\/types\/page"}],"author":[{"embeddable":true,"href":"https:\/\/mulheresagromundo.org\/2024\/wp-json\/wp\/v2\/users\/1"}],"replies":[{"embeddable":true,"href":"https:\/\/mulheresagromundo.org\/2024\/wp-json\/wp\/v2\/comments?post=553"}],"version-history":[{"count":15,"href":"https:\/\/mulheresagromundo.org\/2024\/wp-json\/wp\/v2\/pages\/553\/revisions"}],"predecessor-version":[{"id":570,"href":"https:\/\/mulheresagromundo.org\/2024\/wp-json\/wp\/v2\/pages\/553\/revisions\/570"}],"wp:attachment":[{"href":"https:\/\/mulheresagromundo.org\/2024\/wp-json\/wp\/v2\/media?parent=553"}],"curies":[{"name":"wp","href":"https:\/\/api.w.org\/{rel}","templated":true}]}}